{"id":13,"date":"2011-06-19T12:27:17","date_gmt":"2011-06-19T12:27:17","guid":{"rendered":"http:\/\/localhost\/lasnier\/?page_id=13"},"modified":"2020-07-11T08:02:10","modified_gmt":"2020-07-11T13:02:10","slug":"la-boutique","status":"publish","type":"page","link":"https:\/\/www.galeriepetronille.com\/?page_id=13","title":{"rendered":"La boutique"},"content":{"rendered":"<h2 align=\"center\"><b>Bienvenue \u00e0 la Galerie Boutique P\u00e9tronille&nbsp;<\/b><\/h2>\n<h2 align=\"center\"><b>\u00e0 l\u2019\u00cele d\u2019Orl\u00e9ans!<\/b><\/h2>\n<p style=\"text-align: left;\">La <b>Galerie Boutique P\u00e9tronille<\/b> vous propose des d\u2019\u0153uvres d\u2019art uniques et des id\u00e9es-cadeaux raffin\u00e9es pour accompagner votre quotidien.<\/p>\n<div id='gallery-1' class='gallery galleryid-13 gallery-columns-2 gallery-size-large'><dl class='gallery-item'>\n\t\t\t<dt class='gallery-icon landscape'>\n\t\t\t\t<img loading=\"lazy\" decoding=\"async\" width=\"640\" height=\"427\" src=\"https:\/\/www.galeriepetronille.com\/wp-content\/uploads\/2011\/06\/IMG_0401-1024x683.jpg\" class=\"attachment-large size-large\" alt=\"\" srcset=\"https:\/\/www.galeriepetronille.com\/wp-content\/uploads\/2011\/06\/IMG_0401-1024x683.jpg 1024w, https:\/\/www.galeriepetronille.com\/wp-content\/uploads\/2011\/06\/IMG_0401-300x200.jpg 300w, https:\/\/www.galeriepetronille.com\/wp-content\/uploads\/2011\/06\/IMG_0401-768x512.jpg 768w\" sizes=\"auto, (max-width: 640px) 100vw, 640px\" \/>\n\t\t\t<\/dt><\/dl><dl class='gallery-item'>\n\t\t\t<dt class='gallery-icon landscape'>\n\t\t\t\t<img loading=\"lazy\" decoding=\"async\" width=\"640\" height=\"427\" src=\"https:\/\/www.galeriepetronille.com\/wp-content\/uploads\/2011\/06\/IMG_0409-1024x683.jpg\" class=\"attachment-large size-large\" alt=\"\" srcset=\"https:\/\/www.galeriepetronille.com\/wp-content\/uploads\/2011\/06\/IMG_0409-1024x683.jpg 1024w, https:\/\/www.galeriepetronille.com\/wp-content\/uploads\/2011\/06\/IMG_0409-300x200.jpg 300w, https:\/\/www.galeriepetronille.com\/wp-content\/uploads\/2011\/06\/IMG_0409-768x512.jpg 768w\" sizes=\"auto, (max-width: 640px) 100vw, 640px\" \/>\n\t\t\t<\/dt><\/dl><br style=\"clear: both\" \/>\n\t\t<\/div>\n\n<p style=\"text-align: left;\">Continuellement \u00e0 l\u2019aff\u00fbt des derni\u00e8res tendances, elle vous offre ce qu\u2019il y a de plus branch\u00e9 dans le march\u00e9 de l\u2019art contemporain. Venez voir nos pi\u00e8ces uniques d\u2019artistes qu\u00e9b\u00e9cois&nbsp;: objets d\u2019art, bijoux, sculptures, peintures, \u0153uvres sur papier, \u00e9galement des v\u00eatements de diff\u00e9rents designers qu\u00e9b\u00e9cois.<\/p>\n<p style=\"text-align: left;\">En 1981, Louise Lasnier ouvrait une des premi\u00e8res boutiques \u00e0 l\u2019\u00cele d\u2019Orl\u00e9ans.<\/p>\n<p style=\"text-align: left;\">Depuis, beaucoup de chemin parcouru, puisque ses \u0153uvres se retrouvent dans des collections publiques et priv\u00e9es au Canada et \u00e0 l\u2019\u00e9tranger. Elle est \u00e9galement r\u00e9cipiendaire de plusieurs prix et mentions.<\/p>\n<p style=\"text-align: left;\">En 2011, Louise Lasnier s\u2019est vue d\u00e9cerner le prix de la Fiert\u00e9 orl\u00e9anaise pour souligner sa contribution exceptionnelle au patrimoine vivant de l\u2019\u00cele d\u2019Orl\u00e9ans.<\/p>\n<p style=\"text-align: left;\">Vous trouverez \u00e0 la&nbsp;<b>Galerie Boutique P\u00e9tronille<\/b>&nbsp;les \u0153uvres de Louise Lasnier, artiste peintre. De plus, des \u0153uvres corporatives peuvent lui \u00eatre command\u00e9es pour souligner des \u00e9v\u00e9nements sp\u00e9ciaux&nbsp;: d\u00e9part \u00e0 la retraite, marque de reconnaissance, anniversaire, mariage\u2026<\/p>\n<p style=\"text-align: left;\">Des certificats-cadeaux sont disponibles sur demande \u00e0 la <b>Galerie Boutique P\u00e9tronille<\/b>.<\/p>\n<p style=\"text-align: left;\">Nous sommes \u00e0&nbsp;<strong>5 minutes<\/strong>&nbsp;du pont de l\u2019\u00cele d\u2019Orl\u00e9ans, <b>\u00e0<\/b>&nbsp;<strong>Sainte-P\u00e9tronille<\/strong>,<strong> c\u00f4t\u00e9 sud.<\/strong><\/p>\n<p style=\"text-align: left;\">Ouvert de&nbsp;<strong>10 h \u00e0 17 h<\/strong>&nbsp;tous les jours de l\u2019ann\u00e9e.<\/p>\n<p style=\"text-align: left;\">&nbsp;<\/p>\n\n\n<iframe loading=\"lazy\" src=\"https:\/\/www.google.com\/maps\/embed?pb=!4v1594089684047!6m8!1m7!1sCAoSLEFGMVFpcE5sX240TzFCREZQZHA5Sl9kRUUtSGlwQ0tCMmNBZ1VuVG5CQkln!2m2!1d46.850959606204!2d-71.121088471489!3f142.40984848300062!4f-1.9879433735953285!5f0.7820865974627469\" width=\"640\" height=\"480\" frameborder=\"0\" style=\"border:0;\" allowfullscreen=\"\" aria-hidden=\"false\" tabindex=\"0\"><\/iframe>\n","protected":false},"excerpt":{"rendered":"<p>Bienvenue \u00e0 la Galerie Boutique P\u00e9tronille&nbsp; \u00e0 l\u2019\u00cele d\u2019Orl\u00e9ans! La Galerie Boutique P\u00e9tronille vous propose des d\u2019\u0153uvres d\u2019art uniques et des id\u00e9es-cadeaux raffin\u00e9es pour accompagner votre quotidien. Continuellement \u00e0 l\u2019aff\u00fbt des derni\u00e8res tendances, elle vous offre ce qu\u2019il y a &hellip; <a href=\"https:\/\/www.galeriepetronille.com\/?page_id=13\">Continuer la lecture <span class=\"meta-nav\">&rarr;<\/span><\/a><\/p>\n","protected":false},"author":2,"featured_media":0,"parent":0,"menu_order":10,"comment_status":"closed","ping_status":"closed","template":"","meta":{"ngg_post_thumbnail":0,"footnotes":""},"class_list":["post-13","page","type-page","status-publish","hentry"],"_links":{"self":[{"href":"https:\/\/www.galeriepetronille.com\/index.php?rest_route=\/wp\/v2\/pages\/13","targetHints":{"allow":["GET"]}}],"collection":[{"href":"https:\/\/www.galeriepetronille.com\/index.php?rest_route=\/wp\/v2\/pages"}],"about":[{"href":"https:\/\/www.galeriepetronille.com\/index.php?rest_route=\/wp\/v2\/types\/page"}],"author":[{"embeddable":true,"href":"https:\/\/www.galeriepetronille.com\/index.php?rest_route=\/wp\/v2\/users\/2"}],"replies":[{"embeddable":true,"href":"https:\/\/www.galeriepetronille.com\/index.php?rest_route=%2Fwp%2Fv2%2Fcomments&post=13"}],"version-history":[{"count":20,"href":"https:\/\/www.galeriepetronille.com\/index.php?rest_route=\/wp\/v2\/pages\/13\/revisions"}],"predecessor-version":[{"id":347,"href":"https:\/\/www.galeriepetronille.com\/index.php?rest_route=\/wp\/v2\/pages\/13\/revisions\/347"}],"wp:attachment":[{"href":"https:\/\/www.galeriepetronille.com\/index.php?rest_route=%2Fwp%2Fv2%2Fmedia&parent=13"}],"curies":[{"name":"wp","href":"https:\/\/api.w.org\/{rel}","templated":true}]}}