{"id":43,"date":"2011-06-20T20:46:40","date_gmt":"2011-06-20T20:46:40","guid":{"rendered":"http:\/\/localhost\/lasnier\/?page_id=43"},"modified":"2014-04-19T20:21:19","modified_gmt":"2014-04-20T01:21:19","slug":"ses-oeuvres","status":"publish","type":"page","link":"http:\/\/www.galeriepetronille.com\/?page_id=43","title":{"rendered":"Ses oeuvres"},"content":{"rendered":"<h2>Oeuvres abstraites<\/h2>\nngg_shortcode_0_placeholder\n<h2>Oeuvres figuratives<\/h2>\nngg_shortcode_1_placeholder\n<p><strong>Pour un plus grand choix d&rsquo;oeuvres, vous \u00eates invit\u00e9s \u00e0 vous rendre \u00e0 la Galerie Boutique P\u00e9tronille. <\/strong><\/p>\n<p><b>Nous pouvons produire pour vous et selon vos besoins des \u0153uvres corporatives sur demande.<\/b><\/p>\n<p><strong>Mode de livraison<\/strong><\/p>\n<p style=\"text-align: justify;\">Apr\u00e8s avoir communiqu\u00e9 avec l\u2019artiste pour l\u2019achat d\u2019un tableau, vous avez la possibilit\u00e9 de faire exp\u00e9dier ce tableau soit par courrier postal ou par diff\u00e9rentes compagnies qualifi\u00e9es de livraison avec un emballage s\u00e9curitaire (bo\u00eete de bois fabriqu\u00e9e sur mesure).<\/p>\n","protected":false},"excerpt":{"rendered":"<p>Oeuvres abstraites Oeuvres figuratives Pour un plus grand choix d&rsquo;oeuvres, vous \u00eates invit\u00e9s \u00e0 vous rendre \u00e0 la Galerie Boutique P\u00e9tronille. Nous pouvons produire pour vous et selon vos besoins des \u0153uvres corporatives sur demande. Mode de livraison Apr\u00e8s avoir &hellip; <a href=\"http:\/\/www.galeriepetronille.com\/?page_id=43\">Continuer la lecture <span class=\"meta-nav\">&rarr;<\/span><\/a><\/p>\n","protected":false},"author":2,"featured_media":0,"parent":33,"menu_order":0,"comment_status":"closed","ping_status":"closed","template":"onecolumn-page.php","meta":{"ngg_post_thumbnail":0,"footnotes":""},"class_list":["post-43","page","type-page","status-publish","hentry"],"_links":{"self":[{"href":"http:\/\/www.galeriepetronille.com\/index.php?rest_route=\/wp\/v2\/pages\/43","targetHints":{"allow":["GET"]}}],"collection":[{"href":"http:\/\/www.galeriepetronille.com\/index.php?rest_route=\/wp\/v2\/pages"}],"about":[{"href":"http:\/\/www.galeriepetronille.com\/index.php?rest_route=\/wp\/v2\/types\/page"}],"author":[{"embeddable":true,"href":"http:\/\/www.galeriepetronille.com\/index.php?rest_route=\/wp\/v2\/users\/2"}],"replies":[{"embeddable":true,"href":"http:\/\/www.galeriepetronille.com\/index.php?rest_route=%2Fwp%2Fv2%2Fcomments&post=43"}],"version-history":[{"count":10,"href":"http:\/\/www.galeriepetronille.com\/index.php?rest_route=\/wp\/v2\/pages\/43\/revisions"}],"predecessor-version":[{"id":281,"href":"http:\/\/www.galeriepetronille.com\/index.php?rest_route=\/wp\/v2\/pages\/43\/revisions\/281"}],"up":[{"embeddable":true,"href":"http:\/\/www.galeriepetronille.com\/index.php?rest_route=\/wp\/v2\/pages\/33"}],"wp:attachment":[{"href":"http:\/\/www.galeriepetronille.com\/index.php?rest_route=%2Fwp%2Fv2%2Fmedia&parent=43"}],"curies":[{"name":"wp","href":"https:\/\/api.w.org\/{rel}","templated":true}]}}